{"id":1048,"date":"2021-03-31T10:01:24","date_gmt":"2021-03-31T08:01:24","guid":{"rendered":"https:\/\/istitutopiazzasauli.edu.it\/?page_id=1048"},"modified":"2022-09-21T10:55:13","modified_gmt":"2022-09-21T08:55:13","slug":"accessibilita","status":"publish","type":"page","link":"https:\/\/istitutopiazzasauli.edu.it\/istituto\/accessibilita\/","title":{"rendered":"Dichiarazione e Obiettivi di Accessibilit\u00e0"},"content":{"rendered":"<div class=\"pdfprnt-buttons pdfprnt-buttons-page pdfprnt-top-right\"><a href=\"https:\/\/istitutopiazzasauli.edu.it\/wp-json\/wp\/v2\/pages\/1048?print=pdf\" class=\"pdfprnt-button pdfprnt-button-pdf\" target=\"_blank\"><img src=\"https:\/\/istitutopiazzasauli.edu.it\/wp-content\/plugins\/pdf-print\/images\/pdf.png\" alt=\"image_pdf\" title=\"View PDF\" \/><\/a><a href=\"https:\/\/istitutopiazzasauli.edu.it\/wp-json\/wp\/v2\/pages\/1048?print=print\" class=\"pdfprnt-button pdfprnt-button-print\" target=\"_blank\"><img src=\"https:\/\/istitutopiazzasauli.edu.it\/wp-content\/plugins\/pdf-print\/images\/print.png\" alt=\"image_print\" title=\"Print Content\" \/><\/a><\/div><div class=\"postentry\">\n<p>Il sito mira ad essere accessibile nel rispetto degli standard del <acronym title=\"World Wide Web Consortium \">W3C<\/acronym> e dei principi sia della Legge 9 gennaio 2004, n. 4 sia delle <acronym title=\"Web Content Accessibility Guidelines\">WCAG<\/acronym> 2.0 e di quanto previsto dalle <a href=\"https:\/\/istitutopiazzasauli.edu.it\/wp-content\/uploads\/2019\/03\/linee_guida_siti_web_delle_pa_2011.pdf\">Linee guida per i siti web delle Pubbliche Amministrazioni.<\/a><\/p>\n<p><strong>Accessibilit\u00e0<\/strong> vuol dire &#8220;<em>capacit\u00e0 dei sistemi informatici, nelle forme e nei limiti consentiti dalle conoscenze tecnologiche, di erogare servizi e fornire informazioni fruibili, senza discriminazioni, anche da parte di coloro che a causa di disabilit\u00e0 necessitano di tecnologie assistive o configurazioni particolari<\/em>&#8220;.<\/p>\n<p>Il presente sito si propone di aderire alle norme della Legge dello Stato Italiano c.d. Stanca ( <strong>L. 4\/2004<\/strong>) in materia di accessibilit\u00e0.<\/p>\n<p>Quello che preme sottolineare \u00e8 il\u00a0<strong>concetto di &#8220;assenza di\u00a0discriminazioni&#8221;:<\/strong> <em>ci\u00f2 vuol dire che non occorre tenere conto soltanto delle necessit\u00e0 delle persone portatrici di gravi disabilit\u00e0, ma anche di quelle di chi, per ragioni legate allo stato di salute o all&#8217;et\u00e0, a mezzi tecnologici particolarmente obsoleti o a una scarsa competenza informatica, potrebbe avere problemi nel reperire informazioni e averne rapido, immediato e semplice accesso.<\/em><\/p>\n<p><strong>Obiettivi di accessibilit\u00e0<\/strong>: L\u2019articolo 9, comma 7, del\u00a0<a title=\"Leggi l'articolo 9 del decreto dal sito esterno www.normattiva.i\" href=\"http:\/\/www.normattiva.it\/uri-res\/N2Ls?urn:nir:stato:decreto-legge:2012-10-18;179%21vig\">decreto legge 18 ottobre 2012, n. 179<\/a> stabilisce che, entro il 31 marzo di ogni anno, le Amministrazioni pubbliche di cui all\u2019articolo 1, comma 2, del decreto legislativo 30 marzo 2001, n. 165, sono obbligate a pubblicare, con cadenza annuale, gli Obiettivi di accessibilit\u00e0 nel proprio sito web.<\/p>\n<p>Il codice \u00e8 standard\u00a0<acronym lang=\"en\" title=\"Extended Hyper Text Markup Language\">XHTML<\/acronym> 1.0 Strict raccomandato dal\u00a0<acronym lang=\"en\" title=\"World Wide Web Consortium\"><abbr lang=\"en\">W3C<\/abbr><\/acronym>. Si utilizzano prevalentemente fogli di stile\u00a0<acronym lang=\"en\" title=\"Cascade Style Sheet\">CSS<\/acronym> per una migliore separazione dei contenuti dalla loro rappresentazione grafica ed una migliore accessibilit\u00e0. Vengono rispettati i 22 requisiti definiti nel\u00a0<acronym title=\"Decreto Ministeriale\">DM<\/acronym> 8 luglio 2005,\u00a0<a href=\"http:\/\/www.agid.gov.it\/dm-8-luglio-2005-allegato-A\">allegato A.<\/a><\/p>\n<p>Riassumiamo alcuni dei parametri e regole rispettate in questo sito:<\/p>\n<ol>\n<li>Il contenuto informativo e le funzionalit\u00e0 presenti in ogni pagina sono fruibili nei vari browser esistenti;<\/li>\n<li>Le pagine sono navigabili anche con il solo uso della tastiera e l&#8217;impiego di una normale abilit\u00e0;<\/li>\n<li>Tutte le pagine del sito sono ad impaginazione liquida: qualsiasi sia la risoluzione video dell&#8217;utente il sito si adatta automaticamente alla risoluzione.<\/li>\n<li>Ogni immagine avente contenuto informativo presenta descrizione alternativa testuale equivalente.<\/li>\n<li>I contenuti informativi di eventuali file audio e video sono fruibili anche in forma testuale;<\/li>\n<li>I contenuti testuali della pagina sono fruibili in caso di utilizzo delle funzioni previste dai browser per variare la grandezza dei caratteri;<\/li>\n<li>I contenuti e le funzionalit\u00e0 della pagina sono ancora fruibili, anche in modalit\u00e0 diverse, in caso di disattivazione dei fogli di stile, script e applet ed altri oggetti di programmazione;<\/li>\n<li>I contenuti e le funzionalit\u00e0 continuano a essere disponibili con un browser testuale e i medesimi contenuti mantengono il proprio significato d&#8217;insieme e la corretta struttura semantica;<\/li>\n<li>Per favorire la leggibilit\u00e0 del sito anche in presenza di disabilit\u00e0 nella percezione dei colori sono rispettate le differenze di luminosit\u00e0 e di colore tra il testo e lo sfondo, secondo gli algoritmi suggeriti dall&#8217;attuale normativa.<\/li>\n<li>vigileremo sulla<strong> conformit\u00e0 del sito ai requisiti di accessibilit\u00e0 in vigore<\/strong>, provvedendo a rimuovere eventuali problemi rilevati o segnalati dagli utenti;<\/li>\n<li><strong>non pubblicheremo pdf immagine<\/strong> prodotti\u00a0<strong>internamente<\/strong>;<\/li>\n<li>non pubblicheremo (o linkeremo a) pdf immagine prodotti da\u00a0<strong>altre amministrazioni<\/strong>, se non in caso di particolari e motivate urgenze, impegnandoci a convertirli in formato testuale entro 24 ore;<\/li>\n<li>cureremo la\u00a0<strong>formazione interna<\/strong> del personale alla produzione di contenuti e documenti accessbili;<\/li>\n<li>arricchiremo progressivamente i\u00a0<strong>contenuti multimediali<\/strong> pubblicati di descrizioni testuali in grado di informare circa il loro contenuto: sintesi, presentazione, pdf testuale, o\u00a0 sottotitolazione)<\/li>\n<\/ol>\n<p>Nonostante l&#8217;estrema attenzione posta nella realizzazione del sito non \u00e8 possibile escludere con certezza, anche a causa dell&#8217;ampiezza del portale e della molteplicit\u00e0 dei contenuti, che alcune pagine siano ancora non perfettamente accessibili ad alcune categorie di utenti. In questo caso ci scusiamo fin d&#8217;ora e vi preghiamo di segnalarci ogni irregolarit\u00e0 riscontrata al fine di consentirci di eliminarla nel pi\u00f9 breve tempo possibile. Realizzare un sito accessibile \u00e8 un percorso che porta a continui miglioramenti necessari a garantire la pi\u00f9 ampia accessibilit\u00e0 ai contenuti.<\/p>\n<\/div>\n<p>&nbsp;<\/p>\n<p><strong>Dichiarazione di accessibilit\u00e0 (settembre 2022)<br \/>\n<\/strong><\/p>\n<p>La Dichiarazione di Accessibilit\u00e0 \u00e8 pubblicata sul portale dell&#8217;AGID: <a href=\"https:\/\/form.agid.gov.it\/view\/3ae6fab2-31e8-4c1a-a1ad-ceed48ee72cc\" target=\"_blank\" rel=\"noopener\">https:\/\/form.agid.gov.it\/view\/3ae6fab2-31e8-4c1a-a1ad-ceed48ee72cc<\/a><\/p>\n<p>Vedi anche <em>Amministrazione Trasparente<\/em> &#8211;&gt; <em>Altri contenuti<\/em> &#8211;&gt; <em>Accessibilit\u00e0 e Catalogo dei dati, metadati e banche dati<\/em>:<\/p>\n<p><a href=\"https:\/\/web.spaggiari.eu\/sdg\/app\/default\/trasparenza_aris.php?sede_codice=RMME0313&amp;idc=2302\" target=\"_blank\" rel=\"noopener\">https:\/\/web.spaggiari.eu\/sdg\/app\/default\/trasparenza_aris.php?sede_codice=RMME0313&amp;idc=2302<\/a><\/p>\n<p>&nbsp;<\/p>\n<p><strong>Obiettivi di accessibilit\u00e0 (marzo 2022)<br \/>\n<\/strong><\/p>\n<p>Link diretto al Portale AGID:<\/p>\n<div class=\"postentry\">\n<p><a href=\"https:\/\/form.agid.gov.it\/view\/a209f5df-8832-44bf-8791-901e11f96aac\" target=\"_blank\" rel=\"noopener\">https:\/\/form.agid.gov.it\/view\/a209f5df-8832-44bf-8791-901e11f96aac<\/a><\/p>\n<p>Vedi anche <em>Amministrazione Trasparente<\/em> &#8211;&gt; <em>Altri contenuti<\/em> &#8211;&gt; <em>Accessibilit\u00e0 e Catalogo dei dati, metadati e banche dati<\/em>:<\/p>\n<p><a href=\"https:\/\/web.spaggiari.eu\/sdg\/app\/default\/trasparenza_aris.php?sede_codice=RMME0313&amp;idc=2302\" target=\"_blank\" rel=\"noopener\">https:\/\/web.spaggiari.eu\/sdg\/app\/default\/trasparenza_aris.php?sede_codice=RMME0313&amp;idc=2302<\/a><\/p>\n<p>&nbsp;<\/p>\n<p><strong>Segnalazioni di non accessibilit\u00e0<\/strong><\/p>\n<p>Invitiamo le persone che hanno incontrato difficolt\u00e0 o barriere alla fruizione di alcuni contenuti di segnalarle scrivendo a <a href=\"mailto:rmic8fe00p@istruzione.it\">rmic8fe00p@istruzione.it<\/a><\/p>\n<\/div>\n","protected":false},"excerpt":{"rendered":"<p>Il sito mira ad essere accessibile nel rispetto degli standard del W3C e dei principi sia della Legge 9 gennaio 2004, n. 4 sia delle WCAG 2.0 e di quanto \u2026<\/p>\n","protected":false},"author":85,"featured_media":0,"parent":153,"menu_order":0,"comment_status":"closed","ping_status":"closed","template":"","meta":[],"_links":{"self":[{"href":"https:\/\/istitutopiazzasauli.edu.it\/wp-json\/wp\/v2\/pages\/1048"}],"collection":[{"href":"https:\/\/istitutopiazzasauli.edu.it\/wp-json\/wp\/v2\/pages"}],"about":[{"href":"https:\/\/istitutopiazzasauli.edu.it\/wp-json\/wp\/v2\/types\/page"}],"author":[{"embeddable":true,"href":"https:\/\/istitutopiazzasauli.edu.it\/wp-json\/wp\/v2\/users\/85"}],"replies":[{"embeddable":true,"href":"https:\/\/istitutopiazzasauli.edu.it\/wp-json\/wp\/v2\/comments?post=1048"}],"version-history":[{"count":22,"href":"https:\/\/istitutopiazzasauli.edu.it\/wp-json\/wp\/v2\/pages\/1048\/revisions"}],"predecessor-version":[{"id":7593,"href":"https:\/\/istitutopiazzasauli.edu.it\/wp-json\/wp\/v2\/pages\/1048\/revisions\/7593"}],"up":[{"embeddable":true,"href":"https:\/\/istitutopiazzasauli.edu.it\/wp-json\/wp\/v2\/pages\/153"}],"wp:attachment":[{"href":"https:\/\/istitutopiazzasauli.edu.it\/wp-json\/wp\/v2\/media?parent=1048"}],"curies":[{"name":"wp","href":"https:\/\/api.w.org\/{rel}","templated":true}]}}